{"id":3786,"date":"2025-04-18T13:48:51","date_gmt":"2025-04-18T13:48:51","guid":{"rendered":"https:\/\/weights-app.com\/konfidencialitates-politika\/"},"modified":"2025-06-03T12:51:07","modified_gmt":"2025-06-03T12:51:07","slug":"konfidencialitates-politika","status":"publish","type":"page","link":"https:\/\/weights-app.com\/lv\/konfidencialitates-politika\/","title":{"rendered":"Konfidencialit\u0101tes politika"},"content":{"rendered":"<p class=\"body\" dir=\"auto\">Weights ir mobil\u0101 fitnesa lietotne, kas izstr\u0101d\u0101ta, lai pal\u012bdz\u0113tu lietot\u0101jiem sekot l\u012bdzi treni\u0146iem un progresam. M\u0113s nopietni izturamies pret j\u016bsu konfidencialit\u0101ti un v\u0113lamies b\u016bt p\u0101rredzami attiec\u012bb\u0101 uz to, k\u0101 v\u0101cam, izmantojam un aizsarg\u0101jam j\u016bsu datus.<\/p>\n<p class=\"body\" dir=\"auto\"><strong>Personas inform\u0101cijas defin\u012bcija<\/strong><\/p>\n<p class=\"body\" dir=\"auto\">\u0160aj\u0101 dokument\u0101 \u201cpersonisk\u0101 inform\u0101cija\u201d attiecas uz jebk\u0101du inform\u0101ciju, ar kuru var personiski identific\u0113t personu, sazin\u0101ties ar to vai noteikt t\u0101s atra\u0161an\u0101s vietu. Tas attiecas ar\u012b uz jebk\u0101du personisko inform\u0101ciju, kas apkopota saska\u0146\u0101 ar \u0161o politiku, kura var tikt periodiski atjaunin\u0101ta.<\/p>\n<p class=\"body\" dir=\"auto\"><strong>K\u0101du personisko inform\u0101ciju m\u0113s apkopojam?<\/strong><\/p>\n<p class=\"body\" dir=\"auto\">M\u0113s apkopojam \u0161\u0101da veida personisko inform\u0101ciju:<\/p>\n<ul dir=\"auto\">\n<li>\n<p class=\"body\" dir=\"auto\">Ier\u012bces inform\u0101cija, piem\u0113ram, modelis, oper\u0113t\u0101jsist\u0113ma un lietotnes versija.<\/p>\n<\/li>\n<li>\n<p class=\"body\" dir=\"auto\">Lieto\u0161anas dati, piem\u0113ram, treni\u0146u bie\u017eums un ilgums<\/p>\n<\/li>\n<li>\n<p class=\"body\" dir=\"auto\">Firebase Crashlytics apkopotie av\u0101riju zi\u0146ojumi<\/p>\n<\/li>\n<li>\n<p class=\"body\" dir=\"auto\">Firebase Analytics sav\u0101ktie anal\u012btikas dati<\/p>\n<\/li>\n<\/ul>\n<p class=\"body\" dir=\"auto\">M\u0113s nev\u0101cam sensit\u012bvu personisko inform\u0101ciju, piem\u0113ram, finan\u0161u datus, vesel\u012bbas datus vai atra\u0161an\u0101s vietas datus.<\/p>\n<p class=\"body\" dir=\"auto\"><strong>K\u0101 m\u0113s apkopojam \u0161o inform\u0101ciju?<\/strong><\/p>\n<p class=\"body\" dir=\"auto\">Inform\u0101ciju galvenok\u0101rt v\u0101cam, izmantojot m\u016bsu lietotni parast\u0101 re\u017e\u012bm\u0101. Tas ietver:<\/p>\n<ul dir=\"auto\">\n<li>\n<p class=\"body\" dir=\"auto\">Autom\u0101tiska ier\u012bces inform\u0101cijas v\u0101k\u0161ana, kad lietojat lietotni.<\/p>\n<\/li>\n<li>\n<p class=\"body\" dir=\"auto\">Lieto\u0161anas notikumu un metriku re\u0123istr\u0113\u0161ana<\/p>\n<\/li>\n<li>\n<p class=\"body\" dir=\"auto\">Av\u0101rijas zi\u0146ojumu apkopo\u0161ana, ja rodas k\u013c\u016bdas<\/p>\n<\/li>\n<li>\n<p class=\"body\" dir=\"auto\">Firebase pakalpojumu izmanto\u0161ana, lai analiz\u0113tu lietotnes veiktsp\u0113ju un lietot\u0101ju iesaisti<\/p>\n<\/li>\n<\/ul>\n<p class=\"body\" dir=\"auto\"><strong>Ko m\u0113s dar\u0101m ar \u0161o inform\u0101ciju?<\/strong><\/p>\n<p class=\"body\" dir=\"auto\">Sav\u0101kto inform\u0101ciju m\u0113s izmantojam \u0161\u0101diem m\u0113r\u0137iem:<\/p>\n<ul dir=\"auto\">\n<li>\n<p class=\"body\" dir=\"auto\">Lai uzlabotu m\u016bsu lietotni un nodro\u0161in\u0101tu lab\u0101kas funkcijas<\/p>\n<\/li>\n<li>\n<p class=\"body\" dir=\"auto\">Analiz\u0113t lieto\u0161anas mode\u013cus un optimiz\u0113t lietotnes lieto\u0161anas pieredzi.<\/p>\n<\/li>\n<li>\n<p class=\"body\" dir=\"auto\">K\u013c\u016bdu un av\u0101riju identific\u0113\u0161ana un labo\u0161ana.<\/p>\n<\/li>\n<li>\n<p class=\"body\" dir=\"auto\">Lai jums personaliz\u0113tu noteiktus lietotnes aspektus.<\/p>\n<\/li>\n<\/ul>\n<p class=\"body\" dir=\"auto\"><strong>Datu saglab\u0101\u0161ana<\/strong><\/p>\n<p class=\"body\" dir=\"auto\">M\u0113s saglab\u0101jam personisko inform\u0101ciju tik ilgi, cik nepiecie\u0161ams, lai sniegtu savus pakalpojumus un izpild\u012btu juridisk\u0101s saist\u012bbas. M\u0113s dz\u0113\u0161am personisko inform\u0101ciju, kad t\u0101 vairs nav nepiecie\u0161ama.<\/p>\n<p class=\"body\" dir=\"auto\"><strong>Dro\u0161\u012bbas pas\u0101kumi<\/strong><\/p>\n<p class=\"body\" dir=\"auto\">M\u0113s veicam sapr\u0101t\u012bgus pas\u0101kumus, lai aizsarg\u0101tu j\u016bsu personisko inform\u0101ciju no nesankcion\u0113tas piek\u013cuves, izpau\u0161anas, p\u0101rveido\u0161anas vai izn\u012bcin\u0101\u0161anas. Tom\u0113r neviena p\u0101rraides metode internet\u0101 vai elektronisk\u0101s uzglab\u0101\u0161anas metode nav 100% dro\u0161a.<\/p>\n<p class=\"body\" dir=\"auto\"><strong>Tre\u0161o personu pakalpojumi<\/strong><\/p>\n<p class=\"body\" dir=\"auto\">M\u016bsu lietotne izmanto Firebase Analytics un Crashlytics, lai apkopotu un analiz\u0113tu datus. Uz \u0161iem pakalpojumiem attiecas to priv\u0101tuma politika, ar kuru var iepaz\u012bties \u0161eit:<\/p>\n<ul dir=\"auto\">\n<li>\n<p class=\"body\" dir=\"auto\">Firebase konfidencialit\u0101tes politika: <a href=\"https:\/\/firebase.google.com\/support\/privacy\">https:\/\/firebase.google.com\/support\/privacy<\/a><\/p>\n<\/li>\n<\/ul>\n<p class=\"body\" dir=\"auto\"><strong>J\u016bsu ties\u012bbas<\/strong><\/p>\n<p class=\"body\" dir=\"auto\">Jums ir ties\u012bbas piepras\u012bt piek\u013cuvi savai personiskajai inform\u0101cijai, l\u016bgt labot neprec\u012bzu inform\u0101ciju un dz\u0113st savu personisko inform\u0101ciju. Lai izmantotu \u0161\u012bs ties\u012bbas, l\u016bdzu, izmantojiet m\u016bsu t\u012bmek\u013ca vietn\u0113 eso\u0161o kontaktformu.<\/p>\n<p class=\"body\" dir=\"auto\"><strong>Papildu galvenie punkti<\/strong><\/p>\n<ul dir=\"auto\">\n<li>\n<p class=\"body\" dir=\"auto\">M\u0113s attur\u0113simies piepras\u012bt personisku inform\u0101ciju, piem\u0113ram, e-pasta adreses vai t\u0101lru\u0146a numurus.<\/p>\n<\/li>\n<li>\n<p class=\"body\" dir=\"auto\">M\u016bsu platform\u0101 netiek veikta satura p\u0101rdo\u0161ana.<\/p>\n<\/li>\n<li>\n<p class=\"body\" dir=\"auto\">Lai piek\u013c\u016btu m\u016bsu pakalpojumiem, re\u0123istr\u0101cija nav oblig\u0101ta.<\/p>\n<\/li>\n<li>\n<p class=\"body\" dir=\"auto\">J\u016bsu personisk\u0101s inform\u0101cijas dro\u0161\u012bba netiek apdraud\u0113ta.<\/p>\n<\/li>\n<li>\n<p class=\"body\" dir=\"auto\">M\u016bsu mobil\u0101 lietotne nepieprasa atra\u0161an\u0101s vietas datus.<\/p>\n<\/li>\n<li>\n<p class=\"body\" dir=\"auto\">E-pasta jaunumus m\u0113s neizplat\u0101m.<\/p>\n<\/li>\n<\/ul>\n<p class=\"body\" dir=\"auto\"><strong>Sazinieties ar mums<\/strong><\/p>\n<p class=\"body\" dir=\"auto\">Ja jums ir k\u0101di jaut\u0101jumi par \u0161o konfidencialit\u0101tes politiku, l\u016bdzu, izmantojiet m\u016bsu vietn\u0113 nor\u0101d\u012bto kontaktformu.<\/p>\n<p class=\"body\" dir=\"auto\">Izmantojot Svarus, j\u016bs apliecin\u0101t, ka esat izlas\u012bjis, sapratis un piekr\u012btat \u0161ai konfidencialit\u0101tes politikai.<\/p>\n","protected":false},"excerpt":{"rendered":"<p>Weights ir mobil\u0101 fitnesa lietotne, kas izstr\u0101d\u0101ta, lai pal\u012bdz\u0113tu lietot\u0101jiem  &#8230;<\/p>\n","protected":false},"author":1,"featured_media":0,"parent":0,"menu_order":0,"comment_status":"closed","ping_status":"closed","template":"","meta":{"footnotes":""},"class_list":["post-3786","page","type-page","status-publish","hentry"],"aioseo_notices":[],"_links":{"self":[{"href":"https:\/\/weights-app.com\/lv\/wp-json\/wp\/v2\/pages\/3786","targetHints":{"allow":["GET"]}}],"collection":[{"href":"https:\/\/weights-app.com\/lv\/wp-json\/wp\/v2\/pages"}],"about":[{"href":"https:\/\/weights-app.com\/lv\/wp-json\/wp\/v2\/types\/page"}],"author":[{"embeddable":true,"href":"https:\/\/weights-app.com\/lv\/wp-json\/wp\/v2\/users\/1"}],"replies":[{"embeddable":true,"href":"https:\/\/weights-app.com\/lv\/wp-json\/wp\/v2\/comments?post=3786"}],"version-history":[{"count":1,"href":"https:\/\/weights-app.com\/lv\/wp-json\/wp\/v2\/pages\/3786\/revisions"}],"predecessor-version":[{"id":3833,"href":"https:\/\/weights-app.com\/lv\/wp-json\/wp\/v2\/pages\/3786\/revisions\/3833"}],"wp:attachment":[{"href":"https:\/\/weights-app.com\/lv\/wp-json\/wp\/v2\/media?parent=3786"}],"curies":[{"name":"wp","href":"https:\/\/api.w.org\/{rel}","templated":true}]}}