{"id":4754,"date":"2020-06-08T20:25:27","date_gmt":"2020-06-08T20:25:27","guid":{"rendered":"https:\/\/weights-app.com\/sobre\/"},"modified":"2026-03-23T19:25:14","modified_gmt":"2026-03-23T19:25:14","slug":"sobre","status":"publish","type":"page","link":"https:\/\/weights-app.com\/pt-br\/sobre\/","title":{"rendered":"Sobre"},"content":{"rendered":"<p><div class=\"fusion-fullwidth fullwidth-box fusion-builder-row-1 fusion-flex-container has-pattern-background has-mask-background nonhundred-percent-fullwidth non-hundred-percent-height-scrolling\" style=\"--awb-border-radius-top-left:0px;--awb-border-radius-top-right:0px;--awb-border-radius-bottom-right:0px;--awb-border-radius-bottom-left:0px;--awb-padding-top:6%;--awb-padding-bottom:6%;--awb-padding-top-medium:72px;--awb-flex-wrap:wrap;\" ><div class=\"fusion-builder-row fusion-row fusion-flex-align-items-center fusion-flex-justify-content-center fusion-flex-content-wrap\" style=\"max-width:1372.8px;margin-left: calc(-4% \/ 2 );margin-right: calc(-4% \/ 2 );\"><div class=\"fusion-layout-column fusion_builder_column fusion-builder-column-0 fusion_builder_column_1_1 1_1 fusion-flex-column fusion-flex-align-self-center fusion-animated\" style=\"--awb-bg-size:cover;--awb-width-large:100%;--awb-margin-top-large:10px;--awb-spacing-right-large:1.92%;--awb-margin-bottom-large:52px;--awb-spacing-left-large:1.92%;--awb-width-medium:80%;--awb-order-medium:0;--awb-spacing-right-medium:2.4%;--awb-margin-bottom-medium:48px;--awb-spacing-left-medium:2.4%;--awb-width-small:100%;--awb-order-small:0;--awb-spacing-right-small:1.92%;--awb-margin-bottom-small:32px;--awb-spacing-left-small:1.92%;\" data-animationType=\"fadeInDown\" data-animationDuration=\"1.6\" data-animationOffset=\"top-into-view\" data-scroll-devices=\"small-visibility,medium-visibility,large-visibility\"><div class=\"fusion-column-wrapper fusion-column-has-shadow fusion-flex-justify-content-center fusion-content-layout-column\"><div class=\"fusion-text fusion-text-1\" style=\"--awb-content-alignment:center;\"><h1>Sobre<\/h1>\n<\/div><div class=\"fusion-text fusion-text-2\"><p class=\"\" data-start=\"0\" data-end=\"302\">Ap\u00f3s um ano focado no desenvolvimento, lancei a app Weights em 2024. Testei todos os rastreadores de treino que consegui encontrar e deparei-me sempre com o mesmo problema: estavam cheios de funcionalidades que nunca usaria e acabavam por atrapalhar um bom treino. Por isso, decidi criar a app que realmente queria.<\/p>\n<p class=\"\" data-start=\"304\" data-end=\"478\">O meu objetivo \u00e9 simples\u2014dar aos frequentadores de gin\u00e1sio as ferramentas de que precisam para alcan\u00e7ar os seus objetivos sem lhes dizer como treinar. Mantenho-me fora do teu caminho e deixo-te treinar como gostas.<\/p>\n<p class=\"\" data-start=\"480\" data-end=\"679\">Com o Weights, registar uma s\u00e9rie demora segundos, e todo o teu hist\u00f3rico de treinos est\u00e1 sempre a um scroll f\u00e1cil de dist\u00e2ncia. Esses n\u00fameros transformam-se instantaneamente em gr\u00e1ficos claros para que possas ver exatamente como est\u00e1s a progredir.<\/p>\n<p class=\"\" data-start=\"681\" data-end=\"800\">Tamb\u00e9m mantenho a lista de exerc\u00edcios enxuta. Adiciona ou cria apenas os movimentos que te interessam e deixa tudo o resto fora de vista.<\/p>\n<p class=\"\" data-start=\"802\" data-end=\"877\">Tal como os atletas que confiam nele, o Weights fica mais forte todos os dias.<\/p>\n<\/div><\/div><\/div><div class=\"fusion-layout-column fusion_builder_column fusion-builder-column-1 fusion_builder_column_1_2 1_2 fusion-flex-column fusion-animated\" style=\"--awb-bg-size:cover;--awb-width-large:50%;--awb-margin-top-large:20px;--awb-spacing-right-large:3.84%;--awb-margin-bottom-large:20px;--awb-spacing-left-large:3.84%;--awb-width-medium:50%;--awb-order-medium:0;--awb-spacing-right-medium:3.84%;--awb-spacing-left-medium:3.84%;--awb-width-small:100%;--awb-order-small:1;--awb-margin-top-small:30px;--awb-spacing-right-small:1.92%;--awb-spacing-left-small:1.92%;\" data-animationType=\"fadeInRight\" data-animationDuration=\"1.6\" data-animationOffset=\"top-into-view\"><div class=\"fusion-column-wrapper fusion-column-has-shadow fusion-flex-justify-content-flex-start fusion-content-layout-column\"><div class=\"fusion-image-element \" style=\"--awb-caption-title-font-family:var(--h2_typography-font-family);--awb-caption-title-font-weight:var(--h2_typography-font-weight);--awb-caption-title-font-style:var(--h2_typography-font-style);--awb-caption-title-size:var(--h2_typography-font-size);--awb-caption-title-transform:var(--h2_typography-text-transform);--awb-caption-title-line-height:var(--h2_typography-line-height);--awb-caption-title-letter-spacing:var(--h2_typography-letter-spacing);\"><span class=\" fusion-imageframe imageframe-none imageframe-1 hover-type-none\" style=\"border-radius:8px;\"><img decoding=\"async\" width=\"600\" height=\"696\" alt=\"Photo of Edgars, the developer of the Weights app.\" title=\"edgars-dev\" src=\"https:\/\/weights-app.com\/wp-content\/uploads\/2026\/03\/edgars-dev.jpg\" data-orig-src=\"https:\/\/weights-app.com\/wp-content\/uploads\/2026\/03\/edgars-dev-600x696.jpg\" class=\"lazyload img-responsive wp-image-5163\" srcset=\"data:image\/svg+xml,%3Csvg%20xmlns%3D%27http%3A%2F%2Fwww.w3.org%2F2000%2Fsvg%27%20width%3D%271103%27%20height%3D%271280%27%20viewBox%3D%270%200%201103%201280%27%3E%3Crect%20width%3D%271103%27%20height%3D%271280%27%20fill-opacity%3D%220%22%2F%3E%3C%2Fsvg%3E\" data-srcset=\"https:\/\/weights-app.com\/wp-content\/uploads\/2026\/03\/edgars-dev-200x232.jpg 200w, https:\/\/weights-app.com\/wp-content\/uploads\/2026\/03\/edgars-dev-400x464.jpg 400w, https:\/\/weights-app.com\/wp-content\/uploads\/2026\/03\/edgars-dev-600x696.jpg 600w, https:\/\/weights-app.com\/wp-content\/uploads\/2026\/03\/edgars-dev-800x928.jpg 800w, https:\/\/weights-app.com\/wp-content\/uploads\/2026\/03\/edgars-dev.jpg 1103w\" data-sizes=\"auto\" data-orig-sizes=\"(max-width: 640px) 100vw, 800px\" \/><\/span><\/div><\/div><\/div><div class=\"fusion-layout-column fusion_builder_column fusion-builder-column-2 fusion_builder_column_1_2 1_2 fusion-flex-column fusion-animated\" style=\"--awb-bg-size:cover;--awb-width-large:50%;--awb-margin-top-large:20px;--awb-spacing-right-large:3.84%;--awb-margin-bottom-large:20px;--awb-spacing-left-large:15.36%;--awb-width-medium:50%;--awb-spacing-right-medium:7.68%;--awb-spacing-left-medium:7.68%;--awb-width-small:100%;--awb-order-small:0;--awb-spacing-right-small:1.92%;--awb-spacing-left-small:1.92%;\" data-animationType=\"fadeInLeft\" data-animationDuration=\"1.6\" data-animationOffset=\"top-into-view\"><div class=\"fusion-column-wrapper fusion-column-has-shadow fusion-flex-justify-content-flex-start fusion-content-layout-column\"><div class=\"fusion-title title fusion-title-1 fusion-sep-none fusion-title-text fusion-title-size-three\" style=\"--awb-margin-top-small:12px;--awb-margin-right-small:0px;--awb-margin-bottom-small:24px;--awb-margin-left-small:0px;--awb-margin-top-medium:0px;--awb-margin-bottom-medium:12px;\"><h3 class=\"fusion-title-heading title-heading-left fusion-responsive-typography-calculated\" style=\"margin:0;--fontSize:36;line-height:var(--awb-typography1-line-height);\"><h3>Edgars jaudzems<\/h3><\/h3><\/div><div class=\"fusion-title title fusion-title-2 fusion-sep-none fusion-title-text fusion-title-size-paragraph\" style=\"--awb-text-color:var(--awb-color6);--awb-margin-top-small:12px;--awb-margin-right-small:0px;--awb-margin-bottom-small:24px;--awb-margin-left-small:0px;--awb-margin-top-medium:0px;--awb-margin-bottom-medium:12px;\"><p class=\"fusion-title-heading title-heading-left title-heading-tag fusion-responsive-typography-calculated\" style=\"margin:0;--fontSize:20;--minFontSize:20;line-height:var(--awb-typography4-line-height);\">Fundador, Programador independente<\/p><\/div><div class=\"fusion-text fusion-text-3\" style=\"--awb-content-alignment:left;\"><p>Sou o Edgars de Riga, Let\u00f3nia. Passei anos como chef profissional antes de mudar para o desenvolvimento iOS a tempo inteiro. Entusiasta de gin\u00e1sio desde sempre, aconselhei atletas profissionais sobre nutri\u00e7\u00e3o e sempre vivi na intersec\u00e7\u00e3o entre culin\u00e1ria, desporto e software.<\/p>\n<\/div><div class=\"fusion-social-links fusion-social-links-1\" style=\"--awb-margin-top:0px;--awb-margin-right:0px;--awb-margin-bottom:0px;--awb-margin-left:0px;--awb-box-border-top:0px;--awb-box-border-right:0px;--awb-box-border-bottom:0px;--awb-box-border-left:0px;--awb-icon-colors-hover:rgba(0,0,0,0.8);--awb-box-colors-hover:rgba(244,244,246,0.8);--awb-box-border-color:var(--awb-color2);--awb-box-border-color-hover:var(--awb-color4);\"><div class=\"fusion-social-networks boxed-icons color-type-custom\"><div class=\"fusion-social-networks-wrapper\"><a class=\"fusion-social-network-icon fusion-tooltip fusion-youtube awb-icon-youtube\" style=\"color:var(--awb-color8);font-size:20px;width:20px;background-color:var(--awb-color2);border-color:var(--awb-color2);border-radius:50%;\" data-placement=\"top\" data-title=\"YouTube\" data-toggle=\"tooltip\" title=\"YouTube\" aria-label=\"youtube\" target=\"_blank\" rel=\"noopener noreferrer nofollow\" href=\"https:\/\/www.youtube.com\/@edgars-dev\"><\/a><a class=\"fusion-social-network-icon fusion-tooltip fusion-linkedin awb-icon-linkedin\" style=\"color:var(--awb-color8);font-size:20px;width:20px;background-color:var(--awb-color2);border-color:var(--awb-color2);border-radius:50%;\" data-placement=\"top\" data-title=\"LinkedIn\" data-toggle=\"tooltip\" title=\"LinkedIn\" aria-label=\"linkedin\" target=\"_blank\" rel=\"noopener noreferrer nofollow\" href=\"https:\/\/www.linkedin.com\/in\/edgars-jaudzems-b3250a1aa\/\"><\/a><\/div><\/div><\/div><\/div><\/div><\/div><\/div><div class=\"fusion-fullwidth fullwidth-box fusion-builder-row-2 fusion-flex-container has-pattern-background has-mask-background nonhundred-percent-fullwidth non-hundred-percent-height-scrolling\" style=\"--link_hover_color: hsla(var(--awb-color1-h),var(--awb-color1-s),var(--awb-color1-l),calc( var(--awb-color1-a) - 10% ));--link_color: var(--awb-color1);--awb-border-radius-top-left:0px;--awb-border-radius-top-right:0px;--awb-border-radius-bottom-right:0px;--awb-border-radius-bottom-left:0px;--awb-padding-top:4%;--awb-padding-bottom:4%;--awb-background-color:var(--awb-color1);--awb-flex-wrap:wrap;\" ><div class=\"fusion-builder-row fusion-row fusion-flex-align-items-center fusion-flex-content-wrap\" style=\"max-width:1372.8px;margin-left: calc(-4% \/ 2 );margin-right: calc(-4% \/ 2 );\"><div class=\"fusion-layout-column fusion_builder_column fusion-builder-column-3 fusion_builder_column_1_1 1_1 fusion-flex-column\" style=\"--awb-bg-size:cover;--awb-width-large:100%;--awb-margin-top-large:20px;--awb-spacing-right-large:1.92%;--awb-margin-bottom-large:20px;--awb-spacing-left-large:1.92%;--awb-width-medium:100%;--awb-order-medium:0;--awb-spacing-right-medium:1.92%;--awb-spacing-left-medium:1.92%;--awb-width-small:100%;--awb-order-small:0;--awb-spacing-right-small:1.92%;--awb-spacing-left-small:1.92%;\" data-scroll-devices=\"small-visibility,medium-visibility,large-visibility\"><div class=\"fusion-column-wrapper fusion-column-has-shadow fusion-flex-justify-content-flex-start fusion-content-layout-column\"><div class=\"fusion-text fusion-text-4\" style=\"--awb-content-alignment:center;\"><h2>Pronto para come\u00e7ar?<\/h2>\n<\/div><div class=\"fusion-text fusion-text-5 fusion-text-no-margin\" style=\"--awb-content-alignment:center;--awb-margin-right:10%;--awb-margin-bottom:50px;--awb-margin-left:10%;\"><p><b>Tudo o que precisas. Nada que n\u00e3o precises. <\/b><br \/>\nO Weights adapta-se aos teus objetivos de hoje e escala com a for\u00e7a que ter\u00e1s amanh\u00e3.<\/p>\n<\/div><div class=\"fusion-image-element \" style=\"text-align:center;--awb-max-width:250px;--awb-caption-title-font-family:var(--h2_typography-font-family);--awb-caption-title-font-weight:var(--h2_typography-font-weight);--awb-caption-title-font-style:var(--h2_typography-font-style);--awb-caption-title-size:var(--h2_typography-font-size);--awb-caption-title-transform:var(--h2_typography-text-transform);--awb-caption-title-line-height:var(--h2_typography-line-height);--awb-caption-title-letter-spacing:var(--h2_typography-letter-spacing);\"><span class=\" fusion-imageframe imageframe-none imageframe-2 hover-type-none\" style=\"border-radius:8px;\"><a class=\"fusion-no-lightbox\" href=\"https:\/\/apps.apple.com\/app\/6499166020\" target=\"_blank\" aria-label=\"app-store-button\" rel=\"noopener noreferrer\"><img decoding=\"async\" width=\"300\" height=\"90\" alt=\"Download on the App Store button.\" src=\"https:\/\/weights-app.com\/wp-content\/uploads\/2025\/04\/app-store-button.png\" data-orig-src=\"https:\/\/weights-app.com\/wp-content\/uploads\/2025\/04\/app-store-button-300x90.png\" class=\"lazyload img-responsive wp-image-4721\" srcset=\"data:image\/svg+xml,%3Csvg%20xmlns%3D%27http%3A%2F%2Fwww.w3.org%2F2000%2Fsvg%27%20width%3D%27354%27%20height%3D%27106%27%20viewBox%3D%270%200%20354%20106%27%3E%3Crect%20width%3D%27354%27%20height%3D%27106%27%20fill-opacity%3D%220%22%2F%3E%3C%2Fsvg%3E\" data-srcset=\"https:\/\/weights-app.com\/wp-content\/uploads\/2025\/04\/app-store-button-200x60.png 200w, https:\/\/weights-app.com\/wp-content\/uploads\/2025\/04\/app-store-button.png 354w\" data-sizes=\"auto\" data-orig-sizes=\"(max-width: 640px) 100vw, 300px\" \/><\/a><\/span><\/div><\/div><\/div><\/div><\/div><div class=\"fusion-fullwidth fullwidth-box fusion-builder-row-3 fusion-flex-container has-pattern-background has-mask-background nonhundred-percent-fullwidth non-hundred-percent-height-scrolling\" style=\"--awb-border-radius-top-left:0px;--awb-border-radius-top-right:0px;--awb-border-radius-bottom-right:0px;--awb-border-radius-bottom-left:0px;--awb-flex-wrap:wrap;\" ><div class=\"fusion-builder-row fusion-row fusion-flex-align-items-flex-start fusion-flex-content-wrap\" style=\"max-width:1372.8px;margin-left: calc(-4% \/ 2 );margin-right: calc(-4% \/ 2 );\"><div class=\"fusion-layout-column fusion_builder_column fusion-builder-column-4 fusion_builder_column_1_1 1_1 fusion-flex-column\" style=\"--awb-bg-size:cover;--awb-width-large:100%;--awb-margin-top-large:20px;--awb-spacing-right-large:1.92%;--awb-margin-bottom-large:20px;--awb-spacing-left-large:1.92%;--awb-width-medium:100%;--awb-order-medium:0;--awb-spacing-right-medium:1.92%;--awb-spacing-left-medium:1.92%;--awb-width-small:100%;--awb-order-small:0;--awb-spacing-right-small:1.92%;--awb-spacing-left-small:1.92%;\"><div class=\"fusion-column-wrapper fusion-column-has-shadow fusion-flex-justify-content-flex-start fusion-content-layout-column\"><div class=\"fusion-builder-row fusion-builder-row-inner fusion-row fusion-flex-align-items-flex-start fusion-flex-content-wrap\" style=\"--awb-flex-grow:0;--awb-flex-grow-medium:0;--awb-flex-grow-small:0;--awb-flex-shrink:0;--awb-flex-shrink-medium:0;--awb-flex-shrink-small:0;width:104% !important;max-width:104% !important;margin-left: calc(-4% \/ 2 );margin-right: calc(-4% \/ 2 );\"><div class=\"fusion-layout-column fusion_builder_column_inner fusion-builder-nested-column-0 fusion_builder_column_inner_1_2 1_2 fusion-flex-column fusion-flex-align-self-center\" style=\"--awb-bg-size:cover;--awb-width-large:50%;--awb-margin-top-large:20px;--awb-spacing-right-large:3.84%;--awb-margin-bottom-large:20px;--awb-spacing-left-large:3.84%;--awb-width-medium:50%;--awb-order-medium:0;--awb-spacing-right-medium:3.84%;--awb-spacing-left-medium:3.84%;--awb-width-small:100%;--awb-order-small:0;--awb-spacing-right-small:1.92%;--awb-spacing-left-small:1.92%;\" data-scroll-devices=\"small-visibility,medium-visibility,large-visibility\"><div class=\"fusion-column-wrapper fusion-column-has-shadow fusion-flex-justify-content-center fusion-content-layout-column\"><div class=\"fusion-image-element \" style=\"--awb-caption-title-font-family:var(--h2_typography-font-family);--awb-caption-title-font-weight:var(--h2_typography-font-weight);--awb-caption-title-font-style:var(--h2_typography-font-style);--awb-caption-title-size:var(--h2_typography-font-size);--awb-caption-title-transform:var(--h2_typography-text-transform);--awb-caption-title-line-height:var(--h2_typography-line-height);--awb-caption-title-letter-spacing:var(--h2_typography-letter-spacing);\"><span class=\" fusion-imageframe imageframe-none imageframe-3 hover-type-none\" style=\"border-radius:8px;\"><img decoding=\"async\" width=\"750\" height=\"750\" alt=\"Weights app screenshots in light mode.\" title=\"weights-gym-tracker-image-small\" src=\"https:\/\/weights-app.com\/wp-content\/uploads\/2025\/04\/weights-gym-tracker-image-small.jpg\" data-orig-src=\"https:\/\/weights-app.com\/wp-content\/uploads\/2025\/04\/weights-gym-tracker-image-small.jpg\" class=\"lazyload img-responsive wp-image-4730\" srcset=\"data:image\/svg+xml,%3Csvg%20xmlns%3D%27http%3A%2F%2Fwww.w3.org%2F2000%2Fsvg%27%20width%3D%27750%27%20height%3D%27750%27%20viewBox%3D%270%200%20750%20750%27%3E%3Crect%20width%3D%27750%27%20height%3D%27750%27%20fill-opacity%3D%220%22%2F%3E%3C%2Fsvg%3E\" data-srcset=\"https:\/\/weights-app.com\/wp-content\/uploads\/2025\/04\/weights-gym-tracker-image-small-200x200.jpg 200w, https:\/\/weights-app.com\/wp-content\/uploads\/2025\/04\/weights-gym-tracker-image-small-400x400.jpg 400w, https:\/\/weights-app.com\/wp-content\/uploads\/2025\/04\/weights-gym-tracker-image-small-600x600.jpg 600w, https:\/\/weights-app.com\/wp-content\/uploads\/2025\/04\/weights-gym-tracker-image-small.jpg 750w\" data-sizes=\"auto\" data-orig-sizes=\"(max-width: 640px) 100vw, 750px\" \/><\/span><\/div><\/div><\/div><div class=\"fusion-layout-column fusion_builder_column_inner fusion-builder-nested-column-1 fusion_builder_column_inner_1_2 1_2 fusion-flex-column fusion-flex-align-self-center fusion-no-small-visibility\" style=\"--awb-bg-size:cover;--awb-width-large:50%;--awb-margin-top-large:20px;--awb-spacing-right-large:3.84%;--awb-margin-bottom-large:20px;--awb-spacing-left-large:3.84%;--awb-width-medium:50%;--awb-order-medium:0;--awb-spacing-right-medium:3.84%;--awb-spacing-left-medium:3.84%;--awb-width-small:100%;--awb-order-small:0;--awb-spacing-right-small:1.92%;--awb-spacing-left-small:1.92%;\" data-scroll-devices=\"small-visibility,medium-visibility,large-visibility\"><div class=\"fusion-column-wrapper fusion-column-has-shadow fusion-flex-justify-content-center fusion-content-layout-column\"><div class=\"fusion-text fusion-text-6\"><p><strong>Weights &#8211; Rastreador de Treinos para iOS<\/strong><\/p>\n<\/div><div class=\"fusion-text fusion-text-7\"><p>Acompanha treinos em casa e no gin\u00e1sio com a app Weights.<\/p>\n<\/div><div ><a class=\"fusion-button button-flat fusion-button-default-size button-default fusion-button-default button-1 fusion-button-default-span fusion-button-default-type\" target=\"_self\" href=\"https:\/\/weights-app.com\/pt-br\/\"><span class=\"fusion-button-text awb-button__text awb-button__text--default\">Acompanhar os meus treinos<\/span><\/a><\/div><\/div><\/div><div class=\"fusion-layout-column fusion_builder_column_inner fusion-builder-nested-column-2 fusion_builder_column_inner_1_2 1_2 fusion-flex-column fusion-flex-align-self-center fusion-no-medium-visibility fusion-no-large-visibility\" style=\"--awb-bg-size:cover;--awb-width-large:50%;--awb-margin-top-large:20px;--awb-spacing-right-large:3.84%;--awb-margin-bottom-large:20px;--awb-spacing-left-large:3.84%;--awb-width-medium:50%;--awb-order-medium:0;--awb-spacing-right-medium:3.84%;--awb-spacing-left-medium:3.84%;--awb-width-small:100%;--awb-order-small:0;--awb-spacing-right-small:1.92%;--awb-spacing-left-small:1.92%;\" data-scroll-devices=\"small-visibility,medium-visibility,large-visibility\"><div class=\"fusion-column-wrapper fusion-column-has-shadow fusion-flex-justify-content-center fusion-content-layout-column\"><div class=\"fusion-text fusion-text-8\"><p style=\"text-align: center;\"><strong>Weights &#8211; Rastreador de Gin\u00e1sio para iOS<\/strong><\/p>\n<\/div><div class=\"fusion-text fusion-text-9\"><p style=\"text-align: center;\">Acompanha treinos em casa e no gin\u00e1sio com a app Weights.<\/p>\n<\/div><div style=\"text-align:center;\"><a class=\"fusion-button button-flat fusion-button-default-size button-default fusion-button-default button-2 fusion-button-default-span fusion-button-default-type\" target=\"_self\" href=\"https:\/\/weights-app.com\/pt-br\/\"><span class=\"fusion-button-text awb-button__text awb-button__text--default\">Acompanhar os meus treinos<\/span><\/a><\/div><\/div><\/div><\/div><\/div><\/div><\/div><\/div><\/p>\n","protected":false},"excerpt":{"rendered":"","protected":false},"author":1,"featured_media":0,"parent":0,"menu_order":0,"comment_status":"closed","ping_status":"closed","template":"100-width.php","meta":{"footnotes":""},"class_list":["post-4754","page","type-page","status-publish","hentry"],"aioseo_notices":[],"_links":{"self":[{"href":"https:\/\/weights-app.com\/pt-br\/wp-json\/wp\/v2\/pages\/4754","targetHints":{"allow":["GET"]}}],"collection":[{"href":"https:\/\/weights-app.com\/pt-br\/wp-json\/wp\/v2\/pages"}],"about":[{"href":"https:\/\/weights-app.com\/pt-br\/wp-json\/wp\/v2\/types\/page"}],"author":[{"embeddable":true,"href":"https:\/\/weights-app.com\/pt-br\/wp-json\/wp\/v2\/users\/1"}],"replies":[{"embeddable":true,"href":"https:\/\/weights-app.com\/pt-br\/wp-json\/wp\/v2\/comments?post=4754"}],"version-history":[{"count":4,"href":"https:\/\/weights-app.com\/pt-br\/wp-json\/wp\/v2\/pages\/4754\/revisions"}],"predecessor-version":[{"id":5172,"href":"https:\/\/weights-app.com\/pt-br\/wp-json\/wp\/v2\/pages\/4754\/revisions\/5172"}],"wp:attachment":[{"href":"https:\/\/weights-app.com\/pt-br\/wp-json\/wp\/v2\/media?parent=4754"}],"curies":[{"name":"wp","href":"https:\/\/api.w.org\/{rel}","templated":true}]}}